{"id":2,"date":"2020-11-30T08:21:57","date_gmt":"2020-11-30T08:21:57","guid":{"rendered":"https:\/\/www.monakotik.com\/?page_id=2"},"modified":"2021-06-17T11:49:51","modified_gmt":"2021-06-17T10:49:51","slug":"hasiera","status":"publish","type":"page","link":"https:\/\/www.monakotik.com\/es\/hasiera\/","title":{"rendered":"Inicio"},"content":{"rendered":"<p><div class=\"boldgrid-section\"> <div class=\"container\"> <div class=\"row\"> <div class=\"col-md-12 col-xs-12 col-sm-12\"> <p class=\"\">Han pasado m\u00e1s de dos mil quinientos a\u00f1os desde que las monedas empezaron a acompa\u00f1ar a la humanidad. Parece que el euskera lleva entre nosotros al menos la misma cantidad de a\u00f1os.<\/p> <p class=\"\">Las monedas nos proporcionan muchos detalles sobre la \u00e9poca en que se crearon; son obras de arte y joyas, transmiten mensajes escritos e im\u00e1genes, y son mensajeras de la situaci\u00f3n pol\u00edtica y econ\u00f3mica de la \u00e9poca. El cobre, el oro o la plata tambi\u00e9n son m\u00e1quinas del tiempo de la metalurgia y de la tecnolog\u00eda.<\/p> <p class=\"\">Los vascones, el Reino de Navarra, los Ducados de Aquitania, los reyes de Francia, los Reinos de Espa\u00f1a y muchos m\u00e1s... acu\u00f1aron monedas en los territorios vasc\u00f3nicos. Analizando estas, arrojaremos luz sobre nuestro pasado.<\/p> <p class=\"\">A trav\u00e9s de estas peque\u00f1as piezas de metal, viajaremos por la historia de Vasconia; y, por primera vez, usaremos el euskera en este viaje, ya que nuestros antepasados apenas lo usaban ni en las monedas ni en los documentos que las documentaban. \u00a1As\u00ed que ha llegado el momento!<\/p> <\/div> <\/div> <\/div> <\/div><\/p>\n\n\n\n\n\n<p><\/p>\n\n\n\n\n\n<p><\/p>","protected":false},"excerpt":{"rendered":"<p>Dagoeneko bi mila eta bostehun urte baino gehiago igaro dira, txanponek gizadiari lagun egiten hasi zirenetik. Badirudi euskerak ere guxienez urte kopuru berdina daramatzala gure artean. Txanponek, eginak izan direnaren garaiko xehetasun ugari ematen dizkigute; artelanak dira, era berean bitxiak, mezu idatziak eta irudiak igortzen dituzte, garaiko egoera politikoaren eta ekonomikoaren mezulariak dira. Kobrea, urrea [&hellip;]<\/p>\n","protected":false},"author":1,"featured_media":0,"parent":0,"menu_order":0,"comment_status":"closed","ping_status":"closed","template":"","meta":{"bgseo_title":"","bgseo_description":"","bgseo_robots_index":"index","bgseo_robots_follow":"follow","site-sidebar-layout":"default","site-content-layout":"default","ast-site-content-layout":"default","site-content-style":"default","site-sidebar-style":"default","ast-global-header-display":"","ast-banner-title-visibility":"","ast-main-header-display":"","ast-hfb-above-header-display":"","ast-hfb-below-header-display":"","ast-hfb-mobile-header-display":"","site-post-title":"","ast-breadcrumbs-content":"","ast-featured-img":"","footer-sml-layout":"","ast-disable-related-posts":"","theme-transparent-header-meta":"default","adv-header-id-meta":"","stick-header-meta":"","header-above-stick-meta":"","header-main-stick-meta":"","header-below-stick-meta":"","astra-migrate-meta-layouts":"default","ast-page-background-enabled":"default","ast-page-background-meta":{"desktop":{"background-color":"","background-image":"","background-repeat":"repeat","background-position":"center center","background-size":"auto","background-attachment":"scroll","background-type":"","background-media":"","overlay-type":"","overlay-color":"","overlay-opacity":"","overlay-gradient":""},"tablet":{"background-color":"","background-image":"","background-repeat":"repeat","background-position":"center center","background-size":"auto","background-attachment":"scroll","background-type":"","background-media":"","overlay-type":"","overlay-color":"","overlay-opacity":"","overlay-gradient":""},"mobile":{"background-color":"","background-image":"","background-repeat":"repeat","background-position":"center center","background-size":"auto","background-attachment":"scroll","background-type":"","background-media":"","overlay-type":"","overlay-color":"","overlay-opacity":"","overlay-gradient":""}},"ast-content-background-meta":{"desktop":{"background-color":"var(--ast-global-color-5)","background-image":"","background-repeat":"repeat","background-position":"center center","background-size":"auto","background-attachment":"scroll","background-type":"","background-media":"","overlay-type":"","overlay-color":"","overlay-opacity":"","overlay-gradient":""},"tablet":{"background-color":"var(--ast-global-color-5)","background-image":"","background-repeat":"repeat","background-position":"center center","background-size":"auto","background-attachment":"scroll","background-type":"","background-media":"","overlay-type":"","overlay-color":"","overlay-opacity":"","overlay-gradient":""},"mobile":{"background-color":"var(--ast-global-color-5)","background-image":"","background-repeat":"repeat","background-position":"center center","background-size":"auto","background-attachment":"scroll","background-type":"","background-media":"","overlay-type":"","overlay-color":"","overlay-opacity":"","overlay-gradient":""}},"footnotes":""},"class_list":["post-2","page","type-page","status-publish","hentry"],"_links":{"self":[{"href":"https:\/\/www.monakotik.com\/es\/wp-json\/wp\/v2\/pages\/2","targetHints":{"allow":["GET"]}}],"collection":[{"href":"https:\/\/www.monakotik.com\/es\/wp-json\/wp\/v2\/pages"}],"about":[{"href":"https:\/\/www.monakotik.com\/es\/wp-json\/wp\/v2\/types\/page"}],"author":[{"embeddable":true,"href":"https:\/\/www.monakotik.com\/es\/wp-json\/wp\/v2\/users\/1"}],"replies":[{"embeddable":true,"href":"https:\/\/www.monakotik.com\/es\/wp-json\/wp\/v2\/comments?post=2"}],"version-history":[{"count":3,"href":"https:\/\/www.monakotik.com\/es\/wp-json\/wp\/v2\/pages\/2\/revisions"}],"predecessor-version":[{"id":637,"href":"https:\/\/www.monakotik.com\/es\/wp-json\/wp\/v2\/pages\/2\/revisions\/637"}],"wp:attachment":[{"href":"https:\/\/www.monakotik.com\/es\/wp-json\/wp\/v2\/media?parent=2"}],"curies":[{"name":"wp","href":"https:\/\/api.w.org\/{rel}","templated":true}]}}