{"id":55,"date":"2020-11-30T20:27:17","date_gmt":"2020-11-30T20:27:17","guid":{"rendered":"https:\/\/www.monakotik.com\/?page_id=55"},"modified":"2020-12-09T05:21:28","modified_gmt":"2020-12-09T05:21:28","slug":"monakotik","status":"publish","type":"page","link":"https:\/\/www.monakotik.com\/es\/monakotik\/","title":{"rendered":"Monakotik"},"content":{"rendered":"<div class=\"tmpl-contact-8 boldgrid-section dynamic-gridblock color5-background-color color-5-text-contrast bg-background-color\">\n<div class=\"container\">\n<div class=\"row\" style=\"padding-top: 15px; padding-bottom: 15px;\">\n<div class=\"col-md-12 col-sm-12 col-xs-12\">\n<div class=\"bg-box\">\n<h4 class=\"\">Monakotik<\/h4>\n<p class=\"\">Historia de la Moneda en Vasconia<\/p>\n<h4 class=\"\"><img loading=\"lazy\" decoding=\"async\" class=\"alignnone wp-image-158 size-full\" src=\"https:\/\/www.monakotik.com\/wp-content\/uploads\/2020\/12\/ex-auro-isarae_black.png\" alt=\"\" width=\"219\" height=\"219\" srcset=\"https:\/\/www.monakotik.com\/wp-content\/uploads\/2020\/12\/ex-auro-isarae_black.png 219w, https:\/\/www.monakotik.com\/wp-content\/uploads\/2020\/12\/ex-auro-isarae_black-150x150.png 150w, https:\/\/www.monakotik.com\/wp-content\/uploads\/2020\/12\/ex-auro-isarae_black-48x48.png 48w, https:\/\/www.monakotik.com\/wp-content\/uploads\/2020\/12\/ex-auro-isarae_black-180x180.png 180w\" sizes=\"auto, (max-width: 219px) 100vw, 219px\" \/><\/h4>\n<p class=\"\">Monakotik es un vasco que reside en las cercan\u00edas de M\u00fanich, Alemania. Desde ni\u00f1o, le apasionan las historias y la historia.<\/p>\n<p>Tras encontrar una antigua moneda de Fernando VII en los campos del caserio, desde muy joven comenz\u00f3 a clasificar y coleccionar las distintas pesetas que su madre hab\u00eda tra\u00eddo de la feria semanal.<\/p>\n<p class=\"\">El trabajo y la familia le han alejado de Vasconia, pero este blog le permite mantener el contacto con su lengua y tambi\u00e9n con su gran pasi\u00f3n, la moneda.<\/p>\n<p class=\"\">No es un experto en numism\u00e1tica ni en historia, pero utilizando como gu\u00eda algunos ejemplares de su modesta colecci\u00f3n de monedas, le gustar\u00eda compartir con vosotros el siguiente recorrido:<\/p>\n<p class=\"\">Una fascinante historia escrita en euskera de las monedas acu\u00f1adas en territorios vasc\u00f3nicos... siempre con el siguiente lema:<\/p>\n<p class=\"\">\u201cOndo esanak gogoan hartu, eta gaizki esanak barkatu\u2026 ah eta ahalean jakinerazi\u201d<\/p>\n<\/div>\n<\/div>\n<p class=\"mod-reset\" style=\"padding-left: 480px;\">&nbsp;<\/p>\n<\/div>\n<\/div>\n<\/div>","protected":false},"excerpt":{"rendered":"<p>Monakotik Euskal Txanpongintzaren Historia Monakotik, Munitx-eko hiri alemaniarraren inguruetan bizi den euskalduna da. Txikitatik, historien eta historiaren zalea izan da. Baserriko zelaietan Pernando VII.aren txanpon zahar bat aurkitu ondoren, gazterik hasi zen amak peritik ekarritako pezeta txanpon desberdinak sailkatzen eta biltzen. Lanak eta familiak Euskal Herritik urrun eraman du, baina blog honek, bere hizkuntzarekin eta [&hellip;]<\/p>\n","protected":false},"author":1,"featured_media":0,"parent":0,"menu_order":0,"comment_status":"closed","ping_status":"closed","template":"template\/page\/fullwidth.php","meta":{"bgseo_title":"","bgseo_description":"","bgseo_robots_index":"index","bgseo_robots_follow":"follow","site-sidebar-layout":"default","site-content-layout":"default","ast-site-content-layout":"default","site-content-style":"default","site-sidebar-style":"default","ast-global-header-display":"","ast-banner-title-visibility":"","ast-main-header-display":"","ast-hfb-above-header-display":"","ast-hfb-below-header-display":"","ast-hfb-mobile-header-display":"","site-post-title":"","ast-breadcrumbs-content":"","ast-featured-img":"","footer-sml-layout":"","ast-disable-related-posts":"","theme-transparent-header-meta":"default","adv-header-id-meta":"","stick-header-meta":"","header-above-stick-meta":"","header-main-stick-meta":"","header-below-stick-meta":"","astra-migrate-meta-layouts":"default","ast-page-background-enabled":"default","ast-page-background-meta":{"desktop":{"background-color":"","background-image":"","background-repeat":"repeat","background-position":"center center","background-size":"auto","background-attachment":"scroll","background-type":"","background-media":"","overlay-type":"","overlay-color":"","overlay-opacity":"","overlay-gradient":""},"tablet":{"background-color":"","background-image":"","background-repeat":"repeat","background-position":"center center","background-size":"auto","background-attachment":"scroll","background-type":"","background-media":"","overlay-type":"","overlay-color":"","overlay-opacity":"","overlay-gradient":""},"mobile":{"background-color":"","background-image":"","background-repeat":"repeat","background-position":"center center","background-size":"auto","background-attachment":"scroll","background-type":"","background-media":"","overlay-type":"","overlay-color":"","overlay-opacity":"","overlay-gradient":""}},"ast-content-background-meta":{"desktop":{"background-color":"var(--ast-global-color-5)","background-image":"","background-repeat":"repeat","background-position":"center center","background-size":"auto","background-attachment":"scroll","background-type":"","background-media":"","overlay-type":"","overlay-color":"","overlay-opacity":"","overlay-gradient":""},"tablet":{"background-color":"var(--ast-global-color-5)","background-image":"","background-repeat":"repeat","background-position":"center center","background-size":"auto","background-attachment":"scroll","background-type":"","background-media":"","overlay-type":"","overlay-color":"","overlay-opacity":"","overlay-gradient":""},"mobile":{"background-color":"var(--ast-global-color-5)","background-image":"","background-repeat":"repeat","background-position":"center center","background-size":"auto","background-attachment":"scroll","background-type":"","background-media":"","overlay-type":"","overlay-color":"","overlay-opacity":"","overlay-gradient":""}},"footnotes":""},"class_list":["post-55","page","type-page","status-publish","hentry"],"_links":{"self":[{"href":"https:\/\/www.monakotik.com\/es\/wp-json\/wp\/v2\/pages\/55","targetHints":{"allow":["GET"]}}],"collection":[{"href":"https:\/\/www.monakotik.com\/es\/wp-json\/wp\/v2\/pages"}],"about":[{"href":"https:\/\/www.monakotik.com\/es\/wp-json\/wp\/v2\/types\/page"}],"author":[{"embeddable":true,"href":"https:\/\/www.monakotik.com\/es\/wp-json\/wp\/v2\/users\/1"}],"replies":[{"embeddable":true,"href":"https:\/\/www.monakotik.com\/es\/wp-json\/wp\/v2\/comments?post=55"}],"version-history":[{"count":7,"href":"https:\/\/www.monakotik.com\/es\/wp-json\/wp\/v2\/pages\/55\/revisions"}],"predecessor-version":[{"id":185,"href":"https:\/\/www.monakotik.com\/es\/wp-json\/wp\/v2\/pages\/55\/revisions\/185"}],"wp:attachment":[{"href":"https:\/\/www.monakotik.com\/es\/wp-json\/wp\/v2\/media?parent=55"}],"curies":[{"name":"wp","href":"https:\/\/api.w.org\/{rel}","templated":true}]}}