{"id":59,"date":"2020-11-30T20:53:35","date_gmt":"2020-11-30T20:53:35","guid":{"rendered":"https:\/\/www.monakotik.com\/?page_id=59"},"modified":"2021-03-01T12:47:22","modified_gmt":"2021-03-01T11:47:22","slug":"harremana-eta-lizentzia","status":"publish","type":"page","link":"https:\/\/www.monakotik.com\/es\/harremana-eta-lizentzia\/","title":{"rendered":"Contacto y Licencia"},"content":{"rendered":"<div class=\"color5-background-color color-5-text-contrast bg-background-color tmpl-contact-3 boldgrid-section dynamic-gridblock\">\n<div class=\"container\">\n<div class=\"row\" style=\"padding-top: 50px; padding-bottom: 50px;\">\n<div class=\"col-md-6 col-xs-12 col-sm-4\" style=\"padding: 1em;\">\n<h2 class=\"\">Contacto<\/h2>\n<p class=\"\">Si desea ponerse en contacto con nosotros, adjunte su mensaje o escriba a la direcci\u00f3n de correo electr\u00f3nico que aparece a continuaci\u00f3n.<\/p>\n<p class=\"\">Esta web est\u00e1 escrita en euskera, pero no dudes en enviar tus mensajes en espa\u00f1ol, franc\u00e9s o ingl\u00e9s.<\/p>\n<div class=\"row\" style=\"padding-top: 15px; padding-bottom: 25px;\">\n<div class=\"col-md-2 col-sm-2 col-xs-2 text-center\"><i class=\"fa fa-envelope color-neutral-background-color color-neutral-text-contrast bg-background-color\" style=\"border-radius: 50px; padding: 0.7em; font-size: 20px;\" aria-hidden=\"true\"><span style=\"display: none;\">&nbsp;<\/span><\/i><\/div>\n<div class=\"col-md-10 col-sm-10 col-xs-10 align-column-center\">\n<div>\n<p class=\"\"><a style=\"color: inherit;\" href=\"#\"><span style=\"color: #0274be;\">monakotikan@gmail.com<\/span><\/a><\/p>\n<\/div>\n<\/div>\n<\/div>\n<\/div>\n<div class=\"col-md-6 col-xs-12 col-sm-4\" style=\"padding: 1em;\">\n<h2 class=\"\">Licencia<\/h2>\n<p class=\"\">Los contenidos de este sitio web se publican bajo la licencia Creative Commons.<\/p>\n<p class=\"\">El contenido puede ser compartido, copiado y redistribuido en cualquier medio o formato, con atribuci\u00f3n al creador, para fines no comerciales.<\/p>\n<p class=\"\">Todos los detalles:<\/p>\n<p class=\"\"><a href=\"https:\/\/creativecommons.org\/licenses\/by-nc-nd\/4.0\/deed.eu\"><span style=\"color: #0274be;\">Licencia Creative Commons&nbsp;<\/span><\/a><\/p>\n<\/div>\n<div class=\"col-md-6 col-xs-12 col-sm-4\" style=\"padding: 1em;\">\n<h2 class=\"\">Fotos de monedas<\/h2>\n<p class=\"\">Las fotograf\u00edas de las monedas que aparecen en este sitio web, a menos que se indique lo contrario en el t\u00edtulo de la foto, se toman del archivo de monedas de acsearch.info.<\/p>\n<p class=\"\">Todos los detalles:<\/p>\n<p class=\"color1-color\"><a href=\"https:\/\/www.acsearch.info\/\">acsearch.info<span style=\"color: #0274be;\">&nbsp;<\/span><\/a><\/p>\n<\/div>\n<\/div>\n<\/div>\n<\/div>","protected":false},"excerpt":{"rendered":"<p>Harremana Harremanetan jarri nahi izan ezkero, erantsi zure mezua edo idatzi behean ageri den posta elektronikora. Webgune hau euskaraz idatzitako gunea da, baina euskeraz idaztean oraindik ezeroso bazara, lasai bidali zure mezuak gaztelanieraz, frantsesez edo ingelesez. &nbsp; monakotikan@gmail.com Lizentzia Webgune honen edukiak Creative Commons lizentziaren menpean argitaratzen dira. Edukiak partekatu, kopiatu eta birbanatu daitezke edozein [&hellip;]<\/p>\n","protected":false},"author":1,"featured_media":0,"parent":0,"menu_order":0,"comment_status":"closed","ping_status":"closed","template":"template\/page\/fullwidth.php","meta":{"bgseo_title":"","bgseo_description":"","bgseo_robots_index":"index","bgseo_robots_follow":"follow","site-sidebar-layout":"default","site-content-layout":"default","ast-site-content-layout":"default","site-content-style":"default","site-sidebar-style":"default","ast-global-header-display":"","ast-banner-title-visibility":"","ast-main-header-display":"","ast-hfb-above-header-display":"","ast-hfb-below-header-display":"","ast-hfb-mobile-header-display":"","site-post-title":"","ast-breadcrumbs-content":"","ast-featured-img":"","footer-sml-layout":"","ast-disable-related-posts":"","theme-transparent-header-meta":"default","adv-header-id-meta":"","stick-header-meta":"","header-above-stick-meta":"","header-main-stick-meta":"","header-below-stick-meta":"","astra-migrate-meta-layouts":"default","ast-page-background-enabled":"default","ast-page-background-meta":{"desktop":{"background-color":"","background-image":"","background-repeat":"repeat","background-position":"center center","background-size":"auto","background-attachment":"scroll","background-type":"","background-media":"","overlay-type":"","overlay-color":"","overlay-opacity":"","overlay-gradient":""},"tablet":{"background-color":"","background-image":"","background-repeat":"repeat","background-position":"center center","background-size":"auto","background-attachment":"scroll","background-type":"","background-media":"","overlay-type":"","overlay-color":"","overlay-opacity":"","overlay-gradient":""},"mobile":{"background-color":"","background-image":"","background-repeat":"repeat","background-position":"center center","background-size":"auto","background-attachment":"scroll","background-type":"","background-media":"","overlay-type":"","overlay-color":"","overlay-opacity":"","overlay-gradient":""}},"ast-content-background-meta":{"desktop":{"background-color":"var(--ast-global-color-5)","background-image":"","background-repeat":"repeat","background-position":"center center","background-size":"auto","background-attachment":"scroll","background-type":"","background-media":"","overlay-type":"","overlay-color":"","overlay-opacity":"","overlay-gradient":""},"tablet":{"background-color":"var(--ast-global-color-5)","background-image":"","background-repeat":"repeat","background-position":"center center","background-size":"auto","background-attachment":"scroll","background-type":"","background-media":"","overlay-type":"","overlay-color":"","overlay-opacity":"","overlay-gradient":""},"mobile":{"background-color":"var(--ast-global-color-5)","background-image":"","background-repeat":"repeat","background-position":"center center","background-size":"auto","background-attachment":"scroll","background-type":"","background-media":"","overlay-type":"","overlay-color":"","overlay-opacity":"","overlay-gradient":""}},"footnotes":""},"class_list":["post-59","page","type-page","status-publish","hentry"],"_links":{"self":[{"href":"https:\/\/www.monakotik.com\/es\/wp-json\/wp\/v2\/pages\/59","targetHints":{"allow":["GET"]}}],"collection":[{"href":"https:\/\/www.monakotik.com\/es\/wp-json\/wp\/v2\/pages"}],"about":[{"href":"https:\/\/www.monakotik.com\/es\/wp-json\/wp\/v2\/types\/page"}],"author":[{"embeddable":true,"href":"https:\/\/www.monakotik.com\/es\/wp-json\/wp\/v2\/users\/1"}],"replies":[{"embeddable":true,"href":"https:\/\/www.monakotik.com\/es\/wp-json\/wp\/v2\/comments?post=59"}],"version-history":[{"count":7,"href":"https:\/\/www.monakotik.com\/es\/wp-json\/wp\/v2\/pages\/59\/revisions"}],"predecessor-version":[{"id":397,"href":"https:\/\/www.monakotik.com\/es\/wp-json\/wp\/v2\/pages\/59\/revisions\/397"}],"wp:attachment":[{"href":"https:\/\/www.monakotik.com\/es\/wp-json\/wp\/v2\/media?parent=59"}],"curies":[{"name":"wp","href":"https:\/\/api.w.org\/{rel}","templated":true}]}}